{"id":19,"date":"2018-09-18T20:42:17","date_gmt":"2018-09-18T23:42:17","guid":{"rendered":"http:\/\/bommotor.com.br\/web\/?page_id=19"},"modified":"2018-09-24T07:31:03","modified_gmt":"2018-09-24T10:31:03","slug":"quem-somos","status":"publish","type":"page","link":"https:\/\/bommotor.com.br\/web\/quem-somos\/","title":{"rendered":"QUEM SOMOS"},"content":{"rendered":"<p>[vc_row][vc_column][vc_column_text css_animation=&#8221;bottom-to-top&#8221;]<img decoding=\"async\" loading=\"lazy\" class=\"wp-image-88 size-medium alignright\" src=\"http:\/\/bommotor.com.br\/web\/wp-content\/uploads\/2018\/09\/fachada-bommotor-300x212.jpg\" alt=\"\" width=\"300\" height=\"212\" srcset=\"https:\/\/bommotor.com.br\/web\/wp-content\/uploads\/2018\/09\/fachada-bommotor-300x212.jpg 300w, https:\/\/bommotor.com.br\/web\/wp-content\/uploads\/2018\/09\/fachada-bommotor.jpg 871w\" sizes=\"(max-width: 300px) 100vw, 300px\" \/>Desde 1991 a BOMMOTOR, distribui, representa, revende, importa e exporta produtos, equipamentos e solu\u00e7\u00f5es em bombeamento.<\/p>\n<p>Atendendo aos segmentos de tratamento de \u00e1gua, efluentes industriais, esgotos residenciais, circula\u00e7\u00e3o de flu\u00eddos t\u00e9rmico e produtos condensados, bombeamento de l\u00edquidos limpos e turvos em abastecimento de \u00e1gua para saneamento e irriga\u00e7\u00e3o. Produtos agressivos org\u00e2nicos para ind\u00fastrias qu\u00edmicas, pretroqu\u00edmicas, papel, celulose, usinas de \u00e1lcool e a\u00e7\u00facar.<\/p>\n<p>Bombas Sanit\u00e1rias para ind\u00fastria de produtos aliment\u00edcios e fibras sint\u00e9ticas, bombas alternativas para transfer\u00eancia de petr\u00f3leo e outros, bombas de Engrenagnes, bombas dosadoras de Diafragma e Pist\u00e3o, Selos mec\u00e2nicos, Acoplamentos, Motores el\u00e9tricos, Inversores de freq\u00fc\u00eancia, Geradores de energia, V\u00e1lvulas de Registros em geral Tanques Hidro-pineum\u00e1ticos e Cilindros, Man\u00f4metros e Rolamentos.<\/p>\n<p>Conjunto de combate a inc\u00eandio com motobombas el\u00e9tricas (Principal e Jockey) e a Combust\u00e3o, montadas com motores a Diesel ou Gasolina, com op\u00e7\u00f5es de acionamento (Manual, El\u00e9trico ou Automatizado), atendendo a Norma do Corpo de Bombeiros e a norma internacional NFPA-20.<\/p>\n<p>Sistemas de Pressuriza\u00e7\u00e3o de \u00c1gua: mantem a tubula\u00e7\u00e3o de \u00e1gua (quente ou fria) sob press\u00e3o constante. Este equipamento pode ser utilizado em resid\u00eancias at\u00e9 grandes empresas.[\/vc_column_text][\/vc_column][\/vc_row]<\/p>\n","protected":false},"excerpt":{"rendered":"<p>[vc_row][vc_column][vc_column_text css_animation=&#8221;bottom-to-top&#8221;]Desde 1991 a BOMMOTOR, distribui, representa, revende, importa e exporta produtos, equipamentos e solu\u00e7\u00f5es em bombeamento. Atendendo aos segmentos de tratamento de \u00e1gua, efluentes industriais, esgotos residenciais, circula\u00e7\u00e3o de flu\u00eddos t\u00e9rmico e produtos condensados, bombeamento de l\u00edquidos limpos e turvos em abastecimento de \u00e1gua para saneamento e irriga\u00e7\u00e3o. Produtos agressivos org\u00e2nicos para ind\u00fastrias qu\u00edmicas,&hellip;<\/p>\n","protected":false},"author":1,"featured_media":0,"parent":0,"menu_order":10,"comment_status":"closed","ping_status":"closed","template":"","meta":[],"_links":{"self":[{"href":"https:\/\/bommotor.com.br\/web\/wp-json\/wp\/v2\/pages\/19"}],"collection":[{"href":"https:\/\/bommotor.com.br\/web\/wp-json\/wp\/v2\/pages"}],"about":[{"href":"https:\/\/bommotor.com.br\/web\/wp-json\/wp\/v2\/types\/page"}],"author":[{"embeddable":true,"href":"https:\/\/bommotor.com.br\/web\/wp-json\/wp\/v2\/users\/1"}],"replies":[{"embeddable":true,"href":"https:\/\/bommotor.com.br\/web\/wp-json\/wp\/v2\/comments?post=19"}],"version-history":[{"count":5,"href":"https:\/\/bommotor.com.br\/web\/wp-json\/wp\/v2\/pages\/19\/revisions"}],"predecessor-version":[{"id":90,"href":"https:\/\/bommotor.com.br\/web\/wp-json\/wp\/v2\/pages\/19\/revisions\/90"}],"wp:attachment":[{"href":"https:\/\/bommotor.com.br\/web\/wp-json\/wp\/v2\/media?parent=19"}],"curies":[{"name":"wp","href":"https:\/\/api.w.org\/{rel}","templated":true}]}}