{"id":1039,"date":"2023-10-03T08:57:44","date_gmt":"2023-10-03T11:57:44","guid":{"rendered":"http:\/\/bommotor.com.br\/web\/?post_type=product&#038;p=1039"},"modified":"2023-10-17T23:23:59","modified_gmt":"2023-10-18T02:23:59","slug":"serie-e-f-g","status":"publish","type":"product","link":"https:\/\/bommotor.com.br\/web\/produto\/serie-e-f-g\/","title":{"rendered":"S\u00e9rie E-F-G"},"content":{"rendered":"<p>\u00c1GUAS SERVIDAS, ALIMENTA\u00c7\u00c3O DE CALDEIRAS, CABINES DE PINTURA, DRENAGEM, PRODUTOS QU\u00cdMICOS, TANQUES HIDROPNEUM\u00c1TICOS E PISCINAS<\/p>\n","protected":false},"excerpt":{"rendered":"<p>\u00c1GUAS SERVIDAS, ALIMENTA\u00c7\u00c3O DE CALDEIRAS, CABINES DE PINTURA, DRENAGEM, PRODUTOS QU\u00cdMICOS, TANQUES HIDROPNEUM\u00c1TICOS E PISCINAS<\/p>\n","protected":false},"featured_media":1131,"comment_status":"open","ping_status":"closed","template":"","meta":[],"product_cat":[15,33],"product_tag":[34,32],"_links":{"self":[{"href":"https:\/\/bommotor.com.br\/web\/wp-json\/wp\/v2\/product\/1039"}],"collection":[{"href":"https:\/\/bommotor.com.br\/web\/wp-json\/wp\/v2\/product"}],"about":[{"href":"https:\/\/bommotor.com.br\/web\/wp-json\/wp\/v2\/types\/product"}],"replies":[{"embeddable":true,"href":"https:\/\/bommotor.com.br\/web\/wp-json\/wp\/v2\/comments?post=1039"}],"wp:featuredmedia":[{"embeddable":true,"href":"https:\/\/bommotor.com.br\/web\/wp-json\/wp\/v2\/media\/1131"}],"wp:attachment":[{"href":"https:\/\/bommotor.com.br\/web\/wp-json\/wp\/v2\/media?parent=1039"}],"wp:term":[{"taxonomy":"product_cat","embeddable":true,"href":"https:\/\/bommotor.com.br\/web\/wp-json\/wp\/v2\/product_cat?post=1039"},{"taxonomy":"product_tag","embeddable":true,"href":"https:\/\/bommotor.com.br\/web\/wp-json\/wp\/v2\/product_tag?post=1039"}],"curies":[{"name":"wp","href":"https:\/\/api.w.org\/{rel}","templated":true}]}}