{"id":1310,"date":"2023-11-19T17:41:58","date_gmt":"2023-11-19T20:41:58","guid":{"rendered":"https:\/\/bommotor.com.br\/web\/?post_type=product&#038;p=1310"},"modified":"2023-11-19T17:43:26","modified_gmt":"2023-11-19T20:43:26","slug":"bomba-dosadora-eletromagnetica-diafragma-e-pistao","status":"publish","type":"product","link":"https:\/\/bommotor.com.br\/web\/produto\/bomba-dosadora-eletromagnetica-diafragma-e-pistao\/","title":{"rendered":"Bomba Dosadora Eletromagn\u00e9tica (Diafragma e Pist\u00e3o)"},"content":{"rendered":"<p>Digitais ou anal\u00f3gicas<\/p>\n","protected":false},"excerpt":{"rendered":"<p>Digitais ou anal\u00f3gicas<\/p>\n","protected":false},"featured_media":1297,"comment_status":"open","ping_status":"closed","template":"","meta":[],"product_cat":[18],"product_tag":[47],"_links":{"self":[{"href":"https:\/\/bommotor.com.br\/web\/wp-json\/wp\/v2\/product\/1310"}],"collection":[{"href":"https:\/\/bommotor.com.br\/web\/wp-json\/wp\/v2\/product"}],"about":[{"href":"https:\/\/bommotor.com.br\/web\/wp-json\/wp\/v2\/types\/product"}],"replies":[{"embeddable":true,"href":"https:\/\/bommotor.com.br\/web\/wp-json\/wp\/v2\/comments?post=1310"}],"wp:featuredmedia":[{"embeddable":true,"href":"https:\/\/bommotor.com.br\/web\/wp-json\/wp\/v2\/media\/1297"}],"wp:attachment":[{"href":"https:\/\/bommotor.com.br\/web\/wp-json\/wp\/v2\/media?parent=1310"}],"wp:term":[{"taxonomy":"product_cat","embeddable":true,"href":"https:\/\/bommotor.com.br\/web\/wp-json\/wp\/v2\/product_cat?post=1310"},{"taxonomy":"product_tag","embeddable":true,"href":"https:\/\/bommotor.com.br\/web\/wp-json\/wp\/v2\/product_tag?post=1310"}],"curies":[{"name":"wp","href":"https:\/\/api.w.org\/{rel}","templated":true}]}}