{"id":1357,"date":"2023-12-19T17:30:43","date_gmt":"2023-12-19T20:30:43","guid":{"rendered":"https:\/\/bommotor.com.br\/web\/?post_type=product&#038;p=1357"},"modified":"2025-04-12T11:08:45","modified_gmt":"2025-04-12T14:08:45","slug":"bc-22","status":"publish","type":"product","link":"https:\/\/bommotor.com.br\/web\/produto\/bc-22\/","title":{"rendered":"BC-22"},"content":{"rendered":"<p>SISTEMAS DE BOMBEAMENTO PARA CONSTRU\u00c7\u00c3O CIVIL, IND\u00daSTRIA, AGRICULTURA, PRESSURIZA\u00c7\u00c3O E PO\u00c7OS PROFUNDOS<\/p>\n","protected":false},"excerpt":{"rendered":"<p>SISTEMAS DE BOMBEAMENTO PARA CONSTRU\u00c7\u00c3O CIVIL, IND\u00daSTRIA, AGRICULTURA, PRESSURIZA\u00c7\u00c3O E PO\u00c7OS PROFUNDOS<\/p>\n","protected":false},"featured_media":1358,"comment_status":"open","ping_status":"closed","template":"","meta":[],"product_cat":[15,20],"product_tag":[32],"_links":{"self":[{"href":"https:\/\/bommotor.com.br\/web\/wp-json\/wp\/v2\/product\/1357"}],"collection":[{"href":"https:\/\/bommotor.com.br\/web\/wp-json\/wp\/v2\/product"}],"about":[{"href":"https:\/\/bommotor.com.br\/web\/wp-json\/wp\/v2\/types\/product"}],"replies":[{"embeddable":true,"href":"https:\/\/bommotor.com.br\/web\/wp-json\/wp\/v2\/comments?post=1357"}],"wp:featuredmedia":[{"embeddable":true,"href":"https:\/\/bommotor.com.br\/web\/wp-json\/wp\/v2\/media\/1358"}],"wp:attachment":[{"href":"https:\/\/bommotor.com.br\/web\/wp-json\/wp\/v2\/media?parent=1357"}],"wp:term":[{"taxonomy":"product_cat","embeddable":true,"href":"https:\/\/bommotor.com.br\/web\/wp-json\/wp\/v2\/product_cat?post=1357"},{"taxonomy":"product_tag","embeddable":true,"href":"https:\/\/bommotor.com.br\/web\/wp-json\/wp\/v2\/product_tag?post=1357"}],"curies":[{"name":"wp","href":"https:\/\/api.w.org\/{rel}","templated":true}]}}