{"id":1361,"date":"2023-12-19T17:33:49","date_gmt":"2023-12-19T20:33:49","guid":{"rendered":"https:\/\/bommotor.com.br\/web\/?post_type=product&#038;p=1361"},"modified":"2023-12-19T17:34:38","modified_gmt":"2023-12-19T20:34:38","slug":"bc-91","status":"publish","type":"product","link":"https:\/\/bommotor.com.br\/web\/produto\/bc-91\/","title":{"rendered":"BC-91"},"content":{"rendered":"<p>SISTEMAS DE BOMBEAMENTO PARA CONSTRU\u00c7\u00c3O CIVIL, IND\u00daSTRIA, AGRICULTURA, PRESSURIZA\u00c7\u00c3O E PO\u00c7OS PROFUNDOS<\/p>\n","protected":false},"excerpt":{"rendered":"<p>SISTEMAS DE BOMBEAMENTO PARA CONSTRU\u00c7\u00c3O CIVIL, IND\u00daSTRIA, AGRICULTURA, PRESSURIZA\u00c7\u00c3O E PO\u00c7OS PROFUNDOS<\/p>\n","protected":false},"featured_media":1362,"comment_status":"open","ping_status":"closed","template":"","meta":[],"product_cat":[15,20],"product_tag":[32],"_links":{"self":[{"href":"https:\/\/bommotor.com.br\/web\/wp-json\/wp\/v2\/product\/1361"}],"collection":[{"href":"https:\/\/bommotor.com.br\/web\/wp-json\/wp\/v2\/product"}],"about":[{"href":"https:\/\/bommotor.com.br\/web\/wp-json\/wp\/v2\/types\/product"}],"replies":[{"embeddable":true,"href":"https:\/\/bommotor.com.br\/web\/wp-json\/wp\/v2\/comments?post=1361"}],"wp:featuredmedia":[{"embeddable":true,"href":"https:\/\/bommotor.com.br\/web\/wp-json\/wp\/v2\/media\/1362"}],"wp:attachment":[{"href":"https:\/\/bommotor.com.br\/web\/wp-json\/wp\/v2\/media?parent=1361"}],"wp:term":[{"taxonomy":"product_cat","embeddable":true,"href":"https:\/\/bommotor.com.br\/web\/wp-json\/wp\/v2\/product_cat?post=1361"},{"taxonomy":"product_tag","embeddable":true,"href":"https:\/\/bommotor.com.br\/web\/wp-json\/wp\/v2\/product_tag?post=1361"}],"curies":[{"name":"wp","href":"https:\/\/api.w.org\/{rel}","templated":true}]}}