{"id":1496,"date":"2023-12-20T14:03:33","date_gmt":"2023-12-20T17:03:33","guid":{"rendered":"https:\/\/bommotor.com.br\/web\/?post_type=product&#038;p=1496"},"modified":"2024-01-30T16:02:10","modified_gmt":"2024-01-30T19:02:10","slug":"allmax","status":"publish","type":"product","link":"https:\/\/bommotor.com.br\/web\/produto\/allmax\/","title":{"rendered":"ALLMAX"},"content":{"rendered":"<p class=\"cvGsUA direction-ltr align-start para-style-body\">Caracter\u00edsticas:<br \/>\nVaz\u00e3o at\u00e9: 1.600 m3\/h<br \/>\nAltura manom\u00e9trica at\u00e9: 130 m.c.a<br \/>\nAplica\u00e7\u00f5es:<br \/>\nInd\u00fastrias qu\u00edmicas e petroqu\u00edmicas, refinarias, papel e celulose, t\u00eaxteis, destilarias, usinas de a\u00e7\u00facar e \u00e1lcool e irriga\u00e7\u00e3o<\/p>\n","protected":false},"excerpt":{"rendered":"<p>Caracter\u00edsticas: Vaz\u00e3o at\u00e9: 1.600 m3\/h Altura manom\u00e9trica at\u00e9: 130 m.c.a Aplica\u00e7\u00f5es: Ind\u00fastrias qu\u00edmicas e petroqu\u00edmicas, refinarias, papel e celulose, t\u00eaxteis, destilarias, usinas de a\u00e7\u00facar e \u00e1lcool e irriga\u00e7\u00e3o<\/p>\n","protected":false},"featured_media":1497,"comment_status":"open","ping_status":"closed","template":"","meta":[],"product_cat":[15,50],"product_tag":[49],"_links":{"self":[{"href":"https:\/\/bommotor.com.br\/web\/wp-json\/wp\/v2\/product\/1496"}],"collection":[{"href":"https:\/\/bommotor.com.br\/web\/wp-json\/wp\/v2\/product"}],"about":[{"href":"https:\/\/bommotor.com.br\/web\/wp-json\/wp\/v2\/types\/product"}],"replies":[{"embeddable":true,"href":"https:\/\/bommotor.com.br\/web\/wp-json\/wp\/v2\/comments?post=1496"}],"wp:featuredmedia":[{"embeddable":true,"href":"https:\/\/bommotor.com.br\/web\/wp-json\/wp\/v2\/media\/1497"}],"wp:attachment":[{"href":"https:\/\/bommotor.com.br\/web\/wp-json\/wp\/v2\/media?parent=1496"}],"wp:term":[{"taxonomy":"product_cat","embeddable":true,"href":"https:\/\/bommotor.com.br\/web\/wp-json\/wp\/v2\/product_cat?post=1496"},{"taxonomy":"product_tag","embeddable":true,"href":"https:\/\/bommotor.com.br\/web\/wp-json\/wp\/v2\/product_tag?post=1496"}],"curies":[{"name":"wp","href":"https:\/\/api.w.org\/{rel}","templated":true}]}}