{"id":967,"date":"2023-10-02T07:51:30","date_gmt":"2023-10-02T10:51:30","guid":{"rendered":"https:\/\/bommotor.com.br\/web\/?post_type=product&#038;p=967"},"modified":"2023-12-12T11:45:07","modified_gmt":"2023-12-12T14:45:07","slug":"itap","status":"publish","type":"product","link":"https:\/\/bommotor.com.br\/web\/produto\/itap\/","title":{"rendered":"ITAP"},"content":{"rendered":"<p class=\"cvGsUA direction-ltr align-start para-style-body\"><span class=\"OYPEnA text-decoration-none text-strikethrough-none\">Caracter\u00edsticas:<\/span><\/p>\n<p class=\"cvGsUA direction-ltr align-start para-style-body\"><span class=\"OYPEnA text-decoration-none text-strikethrough-none\">Vaz\u00e3o at\u00e9: 8.000 m3\/h<\/span><\/p>\n<p class=\"cvGsUA direction-ltr align-start para-style-body\"><span class=\"OYPEnA text-decoration-none text-strikethrough-none\">Altura manom\u00e9trica at\u00e9: 134 m.c.a Temperatura at\u00e9: 350\u00ba C<\/span><\/p>\n<p class=\"cvGsUA direction-ltr align-start para-style-body\"><span class=\"OYPEnA text-decoration-none text-strikethrough-none\">Aplica\u00e7\u00f5es:<\/span><\/p>\n<p class=\"cvGsUA direction-ltr align-start para-style-body\"><span class=\"OYPEnA text-decoration-none text-strikethrough-none\">Irriga\u00e7\u00e3o, saneamento, ind\u00fastrias qu\u00edmi-<\/span><span class=\"OYPEnA text-decoration-none text-strikethrough-none\">cas e petroqu\u00edmicas, refinarias, papel e <\/span><span class=\"OYPEnA text-decoration-none text-strikethrough-none\">celulose, t\u00eaxteis, aliment\u00edcia, usinas de <\/span><span class=\"OYPEnA text-decoration-none text-strikethrough-none\">a\u00e7\u00facar e \u00e1lcool, destilarias, combate \u00e0 <\/span><span class=\"OYPEnA text-decoration-none text-strikethrough-none\">inc\u00eandio, refrigera\u00e7\u00e3o, ar condicionado, <\/span><span class=\"OYPEnA text-decoration-none text-strikethrough-none\">constru\u00e7\u00e3o civil e agroind\u00fastrias.<\/span><\/p>\n","protected":false},"excerpt":{"rendered":"<p>Caracter\u00edsticas: Vaz\u00e3o at\u00e9: 8.000 m3\/h Altura manom\u00e9trica at\u00e9: 134 m.c.a Temperatura at\u00e9: 350\u00ba C Aplica\u00e7\u00f5es: Irriga\u00e7\u00e3o, saneamento, ind\u00fastrias qu\u00edmi-cas e petroqu\u00edmicas, refinarias, papel e celulose, t\u00eaxteis, aliment\u00edcia, usinas de a\u00e7\u00facar e \u00e1lcool, destilarias, combate \u00e0 inc\u00eandio, refrigera\u00e7\u00e3o, ar condicionado, constru\u00e7\u00e3o civil e agroind\u00fastrias.<\/p>\n","protected":false},"featured_media":1334,"comment_status":"open","ping_status":"closed","template":"","meta":[],"product_cat":[15,23],"product_tag":[24],"_links":{"self":[{"href":"https:\/\/bommotor.com.br\/web\/wp-json\/wp\/v2\/product\/967"}],"collection":[{"href":"https:\/\/bommotor.com.br\/web\/wp-json\/wp\/v2\/product"}],"about":[{"href":"https:\/\/bommotor.com.br\/web\/wp-json\/wp\/v2\/types\/product"}],"replies":[{"embeddable":true,"href":"https:\/\/bommotor.com.br\/web\/wp-json\/wp\/v2\/comments?post=967"}],"wp:featuredmedia":[{"embeddable":true,"href":"https:\/\/bommotor.com.br\/web\/wp-json\/wp\/v2\/media\/1334"}],"wp:attachment":[{"href":"https:\/\/bommotor.com.br\/web\/wp-json\/wp\/v2\/media?parent=967"}],"wp:term":[{"taxonomy":"product_cat","embeddable":true,"href":"https:\/\/bommotor.com.br\/web\/wp-json\/wp\/v2\/product_cat?post=967"},{"taxonomy":"product_tag","embeddable":true,"href":"https:\/\/bommotor.com.br\/web\/wp-json\/wp\/v2\/product_tag?post=967"}],"curies":[{"name":"wp","href":"https:\/\/api.w.org\/{rel}","templated":true}]}}