{"id":969,"date":"2023-10-02T07:52:41","date_gmt":"2023-10-02T10:52:41","guid":{"rendered":"https:\/\/bommotor.com.br\/web\/?post_type=product&#038;p=969"},"modified":"2023-12-12T11:33:26","modified_gmt":"2023-12-12T14:33:26","slug":"is-slurry","status":"publish","type":"product","link":"https:\/\/bommotor.com.br\/web\/produto\/is-slurry\/","title":{"rendered":"IS &#8211; SLURRY"},"content":{"rendered":"<p class=\"cvGsUA direction-ltr align-start para-style-body\">Caracter\u00edsticas:<br \/>\nVaz\u00e3o at\u00e9: 3.500 m3\/h<br \/>\nAltura manom\u00e9trica at\u00e9: 105 m.c.a<br \/>\nTemperatura at\u00e9: 120\u00ba C<br \/>\nInternos em alto cromo ou elast\u00f4mero<br \/>\nAplica\u00e7\u00f5es:<br \/>\nMinera\u00e7\u00e3o, siderurgia, gera\u00e7\u00e3o t\u00e9rmica,<br \/>\npedreiras, processos industriais, fertilizantes, ind\u00fastrias qu\u00edmicas e petroqu\u00edmicas, usinas de a\u00e7\u00facar e \u00e1lcool e saneamento (bombeamento de lodo).<\/p>\n","protected":false},"excerpt":{"rendered":"<p>Caracter\u00edsticas: Vaz\u00e3o at\u00e9: 3.500 m3\/h Altura manom\u00e9trica at\u00e9: 105 m.c.a Temperatura at\u00e9: 120\u00ba C Internos em alto cromo ou elast\u00f4mero Aplica\u00e7\u00f5es: Minera\u00e7\u00e3o, siderurgia, gera\u00e7\u00e3o t\u00e9rmica, pedreiras, processos industriais, fertilizantes, ind\u00fastrias qu\u00edmicas e petroqu\u00edmicas, usinas de a\u00e7\u00facar e \u00e1lcool e saneamento (bombeamento de lodo).<\/p>\n","protected":false},"featured_media":1332,"comment_status":"open","ping_status":"closed","template":"","meta":[],"product_cat":[15,23],"product_tag":[24],"_links":{"self":[{"href":"https:\/\/bommotor.com.br\/web\/wp-json\/wp\/v2\/product\/969"}],"collection":[{"href":"https:\/\/bommotor.com.br\/web\/wp-json\/wp\/v2\/product"}],"about":[{"href":"https:\/\/bommotor.com.br\/web\/wp-json\/wp\/v2\/types\/product"}],"replies":[{"embeddable":true,"href":"https:\/\/bommotor.com.br\/web\/wp-json\/wp\/v2\/comments?post=969"}],"wp:featuredmedia":[{"embeddable":true,"href":"https:\/\/bommotor.com.br\/web\/wp-json\/wp\/v2\/media\/1332"}],"wp:attachment":[{"href":"https:\/\/bommotor.com.br\/web\/wp-json\/wp\/v2\/media?parent=969"}],"wp:term":[{"taxonomy":"product_cat","embeddable":true,"href":"https:\/\/bommotor.com.br\/web\/wp-json\/wp\/v2\/product_cat?post=969"},{"taxonomy":"product_tag","embeddable":true,"href":"https:\/\/bommotor.com.br\/web\/wp-json\/wp\/v2\/product_tag?post=969"}],"curies":[{"name":"wp","href":"https:\/\/api.w.org\/{rel}","templated":true}]}}