{"id":970,"date":"2023-10-02T07:54:31","date_gmt":"2023-10-02T10:54:31","guid":{"rendered":"https:\/\/bommotor.com.br\/web\/?post_type=product&#038;p=970"},"modified":"2023-12-12T11:58:10","modified_gmt":"2023-12-12T14:58:10","slug":"ini-bloc","status":"publish","type":"product","link":"https:\/\/bommotor.com.br\/web\/produto\/ini-bloc\/","title":{"rendered":"INI-BLOC"},"content":{"rendered":"<p class=\"cvGsUA direction-ltr align-start para-style-body\">Caracter\u00edsticas:<br \/>\nVaz\u00e3o at\u00e9: 700 m\u00b3\/h<br \/>\nAltura manom\u00e9trica at\u00e9: 200 m.c.a<br \/>\nTemperatura at\u00e9: 105\u00ba C<br \/>\nAplica\u00e7\u00f5es:<br \/>\nIrriga\u00e7\u00e3o, saneamento, ind\u00fastrias qu\u00edmicas e petroqu\u00edmicas, refinarias, papel e celulose, t\u00eaxteis, aliment\u00edcia, usinas de a\u00e7\u00facar e \u00e1lcool, destilarias e ar condicionado.<\/p>\n","protected":false},"excerpt":{"rendered":"<p>Caracter\u00edsticas: Vaz\u00e3o at\u00e9: 700 m\u00b3\/h Altura manom\u00e9trica at\u00e9: 200 m.c.a Temperatura at\u00e9: 105\u00ba C Aplica\u00e7\u00f5es: Irriga\u00e7\u00e3o, saneamento, ind\u00fastrias qu\u00edmicas e petroqu\u00edmicas, refinarias, papel e celulose, t\u00eaxteis, aliment\u00edcia, usinas de a\u00e7\u00facar e \u00e1lcool, destilarias e ar condicionado.<\/p>\n","protected":false},"featured_media":1339,"comment_status":"open","ping_status":"closed","template":"","meta":[],"product_cat":[15,23],"product_tag":[24],"_links":{"self":[{"href":"https:\/\/bommotor.com.br\/web\/wp-json\/wp\/v2\/product\/970"}],"collection":[{"href":"https:\/\/bommotor.com.br\/web\/wp-json\/wp\/v2\/product"}],"about":[{"href":"https:\/\/bommotor.com.br\/web\/wp-json\/wp\/v2\/types\/product"}],"replies":[{"embeddable":true,"href":"https:\/\/bommotor.com.br\/web\/wp-json\/wp\/v2\/comments?post=970"}],"wp:featuredmedia":[{"embeddable":true,"href":"https:\/\/bommotor.com.br\/web\/wp-json\/wp\/v2\/media\/1339"}],"wp:attachment":[{"href":"https:\/\/bommotor.com.br\/web\/wp-json\/wp\/v2\/media?parent=970"}],"wp:term":[{"taxonomy":"product_cat","embeddable":true,"href":"https:\/\/bommotor.com.br\/web\/wp-json\/wp\/v2\/product_cat?post=970"},{"taxonomy":"product_tag","embeddable":true,"href":"https:\/\/bommotor.com.br\/web\/wp-json\/wp\/v2\/product_tag?post=970"}],"curies":[{"name":"wp","href":"https:\/\/api.w.org\/{rel}","templated":true}]}}