{"id":971,"date":"2023-10-02T07:55:16","date_gmt":"2023-10-02T10:55:16","guid":{"rendered":"https:\/\/bommotor.com.br\/web\/?post_type=product&#038;p=971"},"modified":"2023-10-17T20:43:25","modified_gmt":"2023-10-17T23:43:25","slug":"e-ep","status":"publish","type":"product","link":"https:\/\/bommotor.com.br\/web\/produto\/e-ep\/","title":{"rendered":"E\/EP"},"content":{"rendered":"<p class=\"cvGsUA direction-ltr align-start para-style-body\">Caracter\u00edsticas:<br \/>\nVaz\u00e3o at\u00e9: 1.200 m3\/h<br \/>\nAltura manom\u00e9trica at\u00e9: 60 m.c.a<br \/>\nTemperatura at\u00e9: 80\u00ba C<br \/>\nPassagem s\u00f3lidos at\u00e9 3\u201d<br \/>\nLinha \u201cE\u201d dispon\u00edvel com 2 est\u00e1gios<br \/>\nAplica\u00e7\u00f5es:<br \/>\nSaneamento, constru\u00e7\u00e3o civil, ind\u00fastrias qu\u00edmicas e petroqu\u00edmicas, papel e celulose, t\u00eaxteis, aliment\u00edcia, renarias, aliment\u00edcia, irriga\u00e7\u00e3o e drenagem.<\/p>\n","protected":false},"excerpt":{"rendered":"<p>Caracter\u00edsticas: Vaz\u00e3o at\u00e9: 1.200 m3\/h Altura manom\u00e9trica at\u00e9: 60 m.c.a Temperatura at\u00e9: 80\u00ba C Passagem s\u00f3lidos at\u00e9 3\u201d Linha \u201cE\u201d dispon\u00edvel com 2 est\u00e1gios Aplica\u00e7\u00f5es: Saneamento, constru\u00e7\u00e3o civil, ind\u00fastrias qu\u00edmicas e petroqu\u00edmicas, papel e celulose, t\u00eaxteis, aliment\u00edcia, renarias, aliment\u00edcia, irriga\u00e7\u00e3o e drenagem.<\/p>\n","protected":false},"featured_media":1124,"comment_status":"open","ping_status":"closed","template":"","meta":[],"product_cat":[15,23],"product_tag":[24],"_links":{"self":[{"href":"https:\/\/bommotor.com.br\/web\/wp-json\/wp\/v2\/product\/971"}],"collection":[{"href":"https:\/\/bommotor.com.br\/web\/wp-json\/wp\/v2\/product"}],"about":[{"href":"https:\/\/bommotor.com.br\/web\/wp-json\/wp\/v2\/types\/product"}],"replies":[{"embeddable":true,"href":"https:\/\/bommotor.com.br\/web\/wp-json\/wp\/v2\/comments?post=971"}],"wp:featuredmedia":[{"embeddable":true,"href":"https:\/\/bommotor.com.br\/web\/wp-json\/wp\/v2\/media\/1124"}],"wp:attachment":[{"href":"https:\/\/bommotor.com.br\/web\/wp-json\/wp\/v2\/media?parent=971"}],"wp:term":[{"taxonomy":"product_cat","embeddable":true,"href":"https:\/\/bommotor.com.br\/web\/wp-json\/wp\/v2\/product_cat?post=971"},{"taxonomy":"product_tag","embeddable":true,"href":"https:\/\/bommotor.com.br\/web\/wp-json\/wp\/v2\/product_tag?post=971"}],"curies":[{"name":"wp","href":"https:\/\/api.w.org\/{rel}","templated":true}]}}