{"id":972,"date":"2023-10-02T07:56:01","date_gmt":"2023-10-02T10:56:01","guid":{"rendered":"https:\/\/bommotor.com.br\/web\/?post_type=product&#038;p=972"},"modified":"2023-10-17T20:42:28","modified_gmt":"2023-10-17T23:42:28","slug":"bp","status":"publish","type":"product","link":"https:\/\/bommotor.com.br\/web\/produto\/bp\/","title":{"rendered":"BP"},"content":{"rendered":"<p class=\"cvGsUA direction-ltr align-start para-style-body\">Caracter\u00edsticas:<br \/>\nVaz\u00e3o at\u00e9: 14.000 m3\/h<br \/>\nAltura manom\u00e9trica at\u00e9: 230 m.c.a<br \/>\nTemperatura at\u00e9: 105\u00ba C<br \/>\nPoss\u00edvel montagem vertical<br \/>\nAplica\u00e7\u00f5es:<br \/>\nSaneamento, grandes irriga\u00e7\u00f5es, sistemas de arrefecimento, drenagem, combate \u00e0 inc\u00eandio, ind\u00fastrias qu\u00edmicas e petroqu\u00edmicas e papel e celulose.<\/p>\n","protected":false},"excerpt":{"rendered":"<p>Caracter\u00edsticas: Vaz\u00e3o at\u00e9: 14.000 m3\/h Altura manom\u00e9trica at\u00e9: 230 m.c.a Temperatura at\u00e9: 105\u00ba C Poss\u00edvel montagem vertical Aplica\u00e7\u00f5es: Saneamento, grandes irriga\u00e7\u00f5es, sistemas de arrefecimento, drenagem, combate \u00e0 inc\u00eandio, ind\u00fastrias qu\u00edmicas e petroqu\u00edmicas e papel e celulose.<\/p>\n","protected":false},"featured_media":1123,"comment_status":"open","ping_status":"closed","template":"","meta":[],"product_cat":[15,23],"product_tag":[24],"_links":{"self":[{"href":"https:\/\/bommotor.com.br\/web\/wp-json\/wp\/v2\/product\/972"}],"collection":[{"href":"https:\/\/bommotor.com.br\/web\/wp-json\/wp\/v2\/product"}],"about":[{"href":"https:\/\/bommotor.com.br\/web\/wp-json\/wp\/v2\/types\/product"}],"replies":[{"embeddable":true,"href":"https:\/\/bommotor.com.br\/web\/wp-json\/wp\/v2\/comments?post=972"}],"wp:featuredmedia":[{"embeddable":true,"href":"https:\/\/bommotor.com.br\/web\/wp-json\/wp\/v2\/media\/1123"}],"wp:attachment":[{"href":"https:\/\/bommotor.com.br\/web\/wp-json\/wp\/v2\/media?parent=972"}],"wp:term":[{"taxonomy":"product_cat","embeddable":true,"href":"https:\/\/bommotor.com.br\/web\/wp-json\/wp\/v2\/product_cat?post=972"},{"taxonomy":"product_tag","embeddable":true,"href":"https:\/\/bommotor.com.br\/web\/wp-json\/wp\/v2\/product_tag?post=972"}],"curies":[{"name":"wp","href":"https:\/\/api.w.org\/{rel}","templated":true}]}}