{"id":973,"date":"2023-10-02T07:56:44","date_gmt":"2023-10-02T10:56:44","guid":{"rendered":"https:\/\/bommotor.com.br\/web\/?post_type=product&#038;p=973"},"modified":"2023-10-17T19:46:51","modified_gmt":"2023-10-17T22:46:51","slug":"multirotor","status":"publish","type":"product","link":"https:\/\/bommotor.com.br\/web\/produto\/multirotor\/","title":{"rendered":"MULTIROTOR"},"content":{"rendered":"<p class=\"cvGsUA direction-ltr align-start para-style-body\">Caracter\u00edsticas:<br \/>\nVaz\u00e3o at\u00e9: 300 m\u00b3\/h<br \/>\nAltura manom\u00e9trica at\u00e9: 600 m.c.a.<br \/>\nTemperatura at\u00e9: 140\u00ba C<br \/>\nPoss\u00edvel montagem vertical<br \/>\nAplica\u00e7\u00f5es<br \/>\nAlimenta\u00e7\u00e3o de caldeira, trocador de calor, dessuperaquecedor, abastecimento de \u00e1gua em geral, sistemas de combate a inc\u00eandio, \u00e1gua quente, eleva\u00e7\u00e3o de<br \/>\npress\u00e3o, irriga\u00e7\u00e3o, destilado, solventes e<br \/>\nlubrificantes.<\/p>\n","protected":false},"excerpt":{"rendered":"<p>Caracter\u00edsticas: Vaz\u00e3o at\u00e9: 300 m\u00b3\/h Altura manom\u00e9trica at\u00e9: 600 m.c.a. Temperatura at\u00e9: 140\u00ba C Poss\u00edvel montagem vertical Aplica\u00e7\u00f5es Alimenta\u00e7\u00e3o de caldeira, trocador de calor, dessuperaquecedor, abastecimento de \u00e1gua em geral, sistemas de combate a inc\u00eandio, \u00e1gua quente, eleva\u00e7\u00e3o de press\u00e3o, irriga\u00e7\u00e3o, destilado, solventes e lubrificantes.<\/p>\n","protected":false},"featured_media":1121,"comment_status":"open","ping_status":"closed","template":"","meta":[],"product_cat":[15,23],"product_tag":[24],"_links":{"self":[{"href":"https:\/\/bommotor.com.br\/web\/wp-json\/wp\/v2\/product\/973"}],"collection":[{"href":"https:\/\/bommotor.com.br\/web\/wp-json\/wp\/v2\/product"}],"about":[{"href":"https:\/\/bommotor.com.br\/web\/wp-json\/wp\/v2\/types\/product"}],"replies":[{"embeddable":true,"href":"https:\/\/bommotor.com.br\/web\/wp-json\/wp\/v2\/comments?post=973"}],"wp:featuredmedia":[{"embeddable":true,"href":"https:\/\/bommotor.com.br\/web\/wp-json\/wp\/v2\/media\/1121"}],"wp:attachment":[{"href":"https:\/\/bommotor.com.br\/web\/wp-json\/wp\/v2\/media?parent=973"}],"wp:term":[{"taxonomy":"product_cat","embeddable":true,"href":"https:\/\/bommotor.com.br\/web\/wp-json\/wp\/v2\/product_cat?post=973"},{"taxonomy":"product_tag","embeddable":true,"href":"https:\/\/bommotor.com.br\/web\/wp-json\/wp\/v2\/product_tag?post=973"}],"curies":[{"name":"wp","href":"https:\/\/api.w.org\/{rel}","templated":true}]}}