{"id":974,"date":"2023-10-02T07:57:34","date_gmt":"2023-10-02T10:57:34","guid":{"rendered":"https:\/\/bommotor.com.br\/web\/?post_type=product&#038;p=974"},"modified":"2023-10-17T19:46:04","modified_gmt":"2023-10-17T22:46:04","slug":"bms","status":"publish","type":"product","link":"https:\/\/bommotor.com.br\/web\/produto\/bms\/","title":{"rendered":"BMS"},"content":{"rendered":"<p class=\"cvGsUA direction-ltr align-start para-style-body\">Caracter\u00edsticas:<br \/>\nVaz\u00e3o at\u00e9: 3000 m3\/h<br \/>\nAltura manom\u00e9trica at\u00e9: 110 m.c.a<br \/>\nTemperatura at\u00e9: 120\u00ba C<br \/>\nRotor Aberto<br \/>\nAplica\u00e7\u00f5es:<br \/>\nPapel e celulose, saneamento, bombeamento de l\u00edquidos residuais, t\u00eaxteis e aliment\u00edcia.<\/p>\n","protected":false},"excerpt":{"rendered":"<p>Caracter\u00edsticas: Vaz\u00e3o at\u00e9: 3000 m3\/h Altura manom\u00e9trica at\u00e9: 110 m.c.a Temperatura at\u00e9: 120\u00ba C Rotor Aberto Aplica\u00e7\u00f5es: Papel e celulose, saneamento, bombeamento de l\u00edquidos residuais, t\u00eaxteis e aliment\u00edcia.<\/p>\n","protected":false},"featured_media":1120,"comment_status":"open","ping_status":"closed","template":"","meta":[],"product_cat":[15,23],"product_tag":[24],"_links":{"self":[{"href":"https:\/\/bommotor.com.br\/web\/wp-json\/wp\/v2\/product\/974"}],"collection":[{"href":"https:\/\/bommotor.com.br\/web\/wp-json\/wp\/v2\/product"}],"about":[{"href":"https:\/\/bommotor.com.br\/web\/wp-json\/wp\/v2\/types\/product"}],"replies":[{"embeddable":true,"href":"https:\/\/bommotor.com.br\/web\/wp-json\/wp\/v2\/comments?post=974"}],"wp:featuredmedia":[{"embeddable":true,"href":"https:\/\/bommotor.com.br\/web\/wp-json\/wp\/v2\/media\/1120"}],"wp:attachment":[{"href":"https:\/\/bommotor.com.br\/web\/wp-json\/wp\/v2\/media?parent=974"}],"wp:term":[{"taxonomy":"product_cat","embeddable":true,"href":"https:\/\/bommotor.com.br\/web\/wp-json\/wp\/v2\/product_cat?post=974"},{"taxonomy":"product_tag","embeddable":true,"href":"https:\/\/bommotor.com.br\/web\/wp-json\/wp\/v2\/product_tag?post=974"}],"curies":[{"name":"wp","href":"https:\/\/api.w.org\/{rel}","templated":true}]}}