{"id":978,"date":"2023-10-02T08:01:03","date_gmt":"2023-10-02T11:01:03","guid":{"rendered":"https:\/\/bommotor.com.br\/web\/?post_type=product&#038;p=978"},"modified":"2023-12-12T11:55:07","modified_gmt":"2023-12-12T14:55:07","slug":"ini-k-o","status":"publish","type":"product","link":"https:\/\/bommotor.com.br\/web\/produto\/ini-k-o\/","title":{"rendered":"INI-K\/O"},"content":{"rendered":"<p class=\"cvGsUA direction-ltr align-start para-style-body\">Caracter\u00edsticas:<br \/>\nVaz\u00e3o at\u00e9: 1.500 m3\/h<br \/>\nAltura manom\u00e9trica at\u00e9: 100 m.c.a<br \/>\nTemperatura at\u00e9: 105\u00ba C<br \/>\nRotor aberto ou tubular<br \/>\nAplica\u00e7\u00f5es:<br \/>\nSaneamento, ind\u00fastrias qu\u00edmicas e petroqu\u00edmicas, refinarias, papel e celulose, usinas de a\u00e7\u00facar e \u00e1lcool, constru\u00e7\u00e3o civil e explora\u00e7\u00e3o de minas.<\/p>\n","protected":false},"excerpt":{"rendered":"<p>Caracter\u00edsticas: Vaz\u00e3o at\u00e9: 1.500 m3\/h Altura manom\u00e9trica at\u00e9: 100 m.c.a Temperatura at\u00e9: 105\u00ba C Rotor aberto ou tubular Aplica\u00e7\u00f5es: Saneamento, ind\u00fastrias qu\u00edmicas e petroqu\u00edmicas, refinarias, papel e celulose, usinas de a\u00e7\u00facar e \u00e1lcool, constru\u00e7\u00e3o civil e explora\u00e7\u00e3o de minas.<\/p>\n","protected":false},"featured_media":1338,"comment_status":"open","ping_status":"closed","template":"","meta":[],"product_cat":[15,23],"product_tag":[24],"_links":{"self":[{"href":"https:\/\/bommotor.com.br\/web\/wp-json\/wp\/v2\/product\/978"}],"collection":[{"href":"https:\/\/bommotor.com.br\/web\/wp-json\/wp\/v2\/product"}],"about":[{"href":"https:\/\/bommotor.com.br\/web\/wp-json\/wp\/v2\/types\/product"}],"replies":[{"embeddable":true,"href":"https:\/\/bommotor.com.br\/web\/wp-json\/wp\/v2\/comments?post=978"}],"wp:featuredmedia":[{"embeddable":true,"href":"https:\/\/bommotor.com.br\/web\/wp-json\/wp\/v2\/media\/1338"}],"wp:attachment":[{"href":"https:\/\/bommotor.com.br\/web\/wp-json\/wp\/v2\/media?parent=978"}],"wp:term":[{"taxonomy":"product_cat","embeddable":true,"href":"https:\/\/bommotor.com.br\/web\/wp-json\/wp\/v2\/product_cat?post=978"},{"taxonomy":"product_tag","embeddable":true,"href":"https:\/\/bommotor.com.br\/web\/wp-json\/wp\/v2\/product_tag?post=978"}],"curies":[{"name":"wp","href":"https:\/\/api.w.org\/{rel}","templated":true}]}}