{"id":979,"date":"2023-10-02T08:08:58","date_gmt":"2023-10-02T11:08:58","guid":{"rendered":"https:\/\/bommotor.com.br\/web\/?post_type=product&#038;p=979"},"modified":"2023-10-17T19:31:39","modified_gmt":"2023-10-17T22:31:39","slug":"bew","status":"publish","type":"product","link":"https:\/\/bommotor.com.br\/web\/produto\/bew\/","title":{"rendered":"BEW"},"content":{"rendered":"<p class=\"cvGsUA direction-ltr align-start para-style-body\">Caracter\u00edsticas: Vaz\u00e3o at\u00e9: 500 m3\/h<br \/>\nAltura manom\u00e9trica at\u00e9: 250 m.c.a<br \/>\nTemperatura at\u00e9: 140\u00ba C<br \/>\nAplica\u00e7\u00f5es:<br \/>\nIrriga\u00e7\u00e3o, ind\u00fastrias qu\u00edmicas e petroqu\u00edmicas, refinarias, papel e celulose, t\u00eaxteis, aliment\u00edcia, abastecimento de \u00e1gua, alimenta\u00e7\u00e3o de caldeiras, combate \u00e0 inc\u00eandio e usinas de a\u00e7\u00facar e \u00e1lcool.<\/p>\n","protected":false},"excerpt":{"rendered":"<p>Caracter\u00edsticas: Vaz\u00e3o at\u00e9: 500 m3\/h Altura manom\u00e9trica at\u00e9: 250 m.c.a Temperatura at\u00e9: 140\u00ba C Aplica\u00e7\u00f5es: Irriga\u00e7\u00e3o, ind\u00fastrias qu\u00edmicas e petroqu\u00edmicas, refinarias, papel e celulose, t\u00eaxteis, aliment\u00edcia, abastecimento de \u00e1gua, alimenta\u00e7\u00e3o de caldeiras, combate \u00e0 inc\u00eandio e usinas de a\u00e7\u00facar e \u00e1lcool.<\/p>\n","protected":false},"featured_media":1116,"comment_status":"open","ping_status":"closed","template":"","meta":[],"product_cat":[15,23],"product_tag":[24],"_links":{"self":[{"href":"https:\/\/bommotor.com.br\/web\/wp-json\/wp\/v2\/product\/979"}],"collection":[{"href":"https:\/\/bommotor.com.br\/web\/wp-json\/wp\/v2\/product"}],"about":[{"href":"https:\/\/bommotor.com.br\/web\/wp-json\/wp\/v2\/types\/product"}],"replies":[{"embeddable":true,"href":"https:\/\/bommotor.com.br\/web\/wp-json\/wp\/v2\/comments?post=979"}],"wp:featuredmedia":[{"embeddable":true,"href":"https:\/\/bommotor.com.br\/web\/wp-json\/wp\/v2\/media\/1116"}],"wp:attachment":[{"href":"https:\/\/bommotor.com.br\/web\/wp-json\/wp\/v2\/media?parent=979"}],"wp:term":[{"taxonomy":"product_cat","embeddable":true,"href":"https:\/\/bommotor.com.br\/web\/wp-json\/wp\/v2\/product_cat?post=979"},{"taxonomy":"product_tag","embeddable":true,"href":"https:\/\/bommotor.com.br\/web\/wp-json\/wp\/v2\/product_tag?post=979"}],"curies":[{"name":"wp","href":"https:\/\/api.w.org\/{rel}","templated":true}]}}