{"id":983,"date":"2023-10-02T08:12:18","date_gmt":"2023-10-02T11:12:18","guid":{"rendered":"https:\/\/bommotor.com.br\/web\/?post_type=product&#038;p=983"},"modified":"2023-10-27T07:35:21","modified_gmt":"2023-10-27T10:35:21","slug":"bhi","status":"publish","type":"product","link":"https:\/\/bommotor.com.br\/web\/produto\/bhi\/","title":{"rendered":"BHI"},"content":{"rendered":"<p class=\"cvGsUA direction-ltr align-start para-style-body\">Caracter\u00edsticas:<br \/>\nVaz\u00e3o at\u00e9: 250 m3\/h<br \/>\nAltura manom\u00e9trica at\u00e9: 240 m.c.a<br \/>\nTemperatura: -5\u00baC at\u00e9 +160\u00ba C<br \/>\nAplica\u00e7\u00f5es:<br \/>\nInd\u00fastrias aliment\u00edcia, papel e celulose,<br \/>\nqu\u00edmicas e petroqu\u00edmicas, bebidas, cosm\u00e9ticos, \u00f3leos vegetais, matadouros e frigor\u00edficos, conservas, constru\u00e7\u00e3o civil saneamento, tratamento de efluentes agricultura e pecu\u00e1ria, curtumes, lactic\u00ednios, tintas e usinas de a\u00e7\u00facar e \u00e1lcool.<\/p>\n","protected":false},"excerpt":{"rendered":"<p>Caracter\u00edsticas: Vaz\u00e3o at\u00e9: 250 m3\/h Altura manom\u00e9trica at\u00e9: 240 m.c.a Temperatura: -5\u00baC at\u00e9 +160\u00ba C Aplica\u00e7\u00f5es: Ind\u00fastrias aliment\u00edcia, papel e celulose, qu\u00edmicas e petroqu\u00edmicas, bebidas, cosm\u00e9ticos, \u00f3leos vegetais, matadouros e frigor\u00edficos, conservas, constru\u00e7\u00e3o civil saneamento, tratamento de efluentes agricultura e pecu\u00e1ria, curtumes, lactic\u00ednios, tintas e usinas de a\u00e7\u00facar e \u00e1lcool.<\/p>\n","protected":false},"featured_media":1196,"comment_status":"open","ping_status":"closed","template":"","meta":[],"product_cat":[15,23],"product_tag":[24],"_links":{"self":[{"href":"https:\/\/bommotor.com.br\/web\/wp-json\/wp\/v2\/product\/983"}],"collection":[{"href":"https:\/\/bommotor.com.br\/web\/wp-json\/wp\/v2\/product"}],"about":[{"href":"https:\/\/bommotor.com.br\/web\/wp-json\/wp\/v2\/types\/product"}],"replies":[{"embeddable":true,"href":"https:\/\/bommotor.com.br\/web\/wp-json\/wp\/v2\/comments?post=983"}],"wp:featuredmedia":[{"embeddable":true,"href":"https:\/\/bommotor.com.br\/web\/wp-json\/wp\/v2\/media\/1196"}],"wp:attachment":[{"href":"https:\/\/bommotor.com.br\/web\/wp-json\/wp\/v2\/media?parent=983"}],"wp:term":[{"taxonomy":"product_cat","embeddable":true,"href":"https:\/\/bommotor.com.br\/web\/wp-json\/wp\/v2\/product_cat?post=983"},{"taxonomy":"product_tag","embeddable":true,"href":"https:\/\/bommotor.com.br\/web\/wp-json\/wp\/v2\/product_tag?post=983"}],"curies":[{"name":"wp","href":"https:\/\/api.w.org\/{rel}","templated":true}]}}