{"id":985,"date":"2023-10-02T08:13:51","date_gmt":"2023-10-02T11:13:51","guid":{"rendered":"https:\/\/bommotor.com.br\/web\/?post_type=product&#038;p=985"},"modified":"2023-10-15T12:09:41","modified_gmt":"2023-10-15T15:09:41","slug":"booster","status":"publish","type":"product","link":"https:\/\/bommotor.com.br\/web\/produto\/booster\/","title":{"rendered":"BOOSTER"},"content":{"rendered":"<p class=\"cvGsUA direction-ltr align-start para-style-body\">Caracter\u00edsticas:<br \/>\nVaz\u00e3o at\u00e9: 2.000 m\u00b3\/h<br \/>\nAltura manom\u00e9trica at\u00e9: 150 m.c.a<br \/>\nTemperatura at\u00e9: 105\u00ba C<br \/>\nAplica\u00e7\u00f5es:<br \/>\nDiversas<\/p>\n","protected":false},"excerpt":{"rendered":"<p>Caracter\u00edsticas: Vaz\u00e3o at\u00e9: 2.000 m\u00b3\/h Altura manom\u00e9trica at\u00e9: 150 m.c.a Temperatura at\u00e9: 105\u00ba C Aplica\u00e7\u00f5es: Diversas<\/p>\n","protected":false},"featured_media":1109,"comment_status":"open","ping_status":"closed","template":"","meta":[],"product_cat":[15,23],"product_tag":[24],"_links":{"self":[{"href":"https:\/\/bommotor.com.br\/web\/wp-json\/wp\/v2\/product\/985"}],"collection":[{"href":"https:\/\/bommotor.com.br\/web\/wp-json\/wp\/v2\/product"}],"about":[{"href":"https:\/\/bommotor.com.br\/web\/wp-json\/wp\/v2\/types\/product"}],"replies":[{"embeddable":true,"href":"https:\/\/bommotor.com.br\/web\/wp-json\/wp\/v2\/comments?post=985"}],"wp:featuredmedia":[{"embeddable":true,"href":"https:\/\/bommotor.com.br\/web\/wp-json\/wp\/v2\/media\/1109"}],"wp:attachment":[{"href":"https:\/\/bommotor.com.br\/web\/wp-json\/wp\/v2\/media?parent=985"}],"wp:term":[{"taxonomy":"product_cat","embeddable":true,"href":"https:\/\/bommotor.com.br\/web\/wp-json\/wp\/v2\/product_cat?post=985"},{"taxonomy":"product_tag","embeddable":true,"href":"https:\/\/bommotor.com.br\/web\/wp-json\/wp\/v2\/product_tag?post=985"}],"curies":[{"name":"wp","href":"https:\/\/api.w.org\/{rel}","templated":true}]}}