{"id":988,"date":"2023-10-02T08:16:13","date_gmt":"2023-10-02T11:16:13","guid":{"rendered":"https:\/\/bommotor.com.br\/web\/?post_type=product&#038;p=988"},"modified":"2023-10-15T12:06:00","modified_gmt":"2023-10-15T15:06:00","slug":"bci","status":"publish","type":"product","link":"https:\/\/bommotor.com.br\/web\/produto\/bci\/","title":{"rendered":"BCI"},"content":{"rendered":"<p class=\"cvGsUA direction-ltr align-start para-style-body\">Caracter\u00edsticas:<br \/>\nVaz\u00e3o at\u00e9: 600 m3\/h<br \/>\nAltura manom\u00e9trica at\u00e9: 1.800 m.c.a<br \/>\nTemperatura at\u00e9: 125\u00ba C<br \/>\nAplica\u00e7\u00f5es:<br \/>\nAlimenta\u00e7\u00e3o de caldeiras, Pipe Line, processo de dessuperaquecimento, ind\u00fastrias qu\u00edmicas e petroqu\u00edmicas, papel e celulose, t\u00eaxteis, aliment\u00edcia, refinarias e usinas de a\u00e7\u00facar e \u00e1lcool.<\/p>\n","protected":false},"excerpt":{"rendered":"<p>Caracter\u00edsticas: Vaz\u00e3o at\u00e9: 600 m3\/h Altura manom\u00e9trica at\u00e9: 1.800 m.c.a Temperatura at\u00e9: 125\u00ba C Aplica\u00e7\u00f5es: Alimenta\u00e7\u00e3o de caldeiras, Pipe Line, processo de dessuperaquecimento, ind\u00fastrias qu\u00edmicas e petroqu\u00edmicas, papel e celulose, t\u00eaxteis, aliment\u00edcia, refinarias e usinas de a\u00e7\u00facar e \u00e1lcool.<\/p>\n","protected":false},"featured_media":1106,"comment_status":"open","ping_status":"closed","template":"","meta":[],"product_cat":[15,23],"product_tag":[24],"_links":{"self":[{"href":"https:\/\/bommotor.com.br\/web\/wp-json\/wp\/v2\/product\/988"}],"collection":[{"href":"https:\/\/bommotor.com.br\/web\/wp-json\/wp\/v2\/product"}],"about":[{"href":"https:\/\/bommotor.com.br\/web\/wp-json\/wp\/v2\/types\/product"}],"replies":[{"embeddable":true,"href":"https:\/\/bommotor.com.br\/web\/wp-json\/wp\/v2\/comments?post=988"}],"wp:featuredmedia":[{"embeddable":true,"href":"https:\/\/bommotor.com.br\/web\/wp-json\/wp\/v2\/media\/1106"}],"wp:attachment":[{"href":"https:\/\/bommotor.com.br\/web\/wp-json\/wp\/v2\/media?parent=988"}],"wp:term":[{"taxonomy":"product_cat","embeddable":true,"href":"https:\/\/bommotor.com.br\/web\/wp-json\/wp\/v2\/product_cat?post=988"},{"taxonomy":"product_tag","embeddable":true,"href":"https:\/\/bommotor.com.br\/web\/wp-json\/wp\/v2\/product_tag?post=988"}],"curies":[{"name":"wp","href":"https:\/\/api.w.org\/{rel}","templated":true}]}}