{"id":990,"date":"2023-10-02T08:17:10","date_gmt":"2023-10-02T11:17:10","guid":{"rendered":"https:\/\/bommotor.com.br\/web\/?post_type=product&#038;p=990"},"modified":"2023-10-15T12:06:02","modified_gmt":"2023-10-15T15:06:02","slug":"vti","status":"publish","type":"product","link":"https:\/\/bommotor.com.br\/web\/produto\/vti\/","title":{"rendered":"VTI"},"content":{"rendered":"<p class=\"cvGsUA direction-ltr align-start para-style-body\">Caracter\u00edsticas:<br \/>\nVaz\u00e3o at\u00e9: 5000 m3\/h<br \/>\nAltura manom\u00e9trica at\u00e9: 900 m.c.a<br \/>\nTemperatura at\u00e9: -200\u00baC \u00e0 300\u00baC<br \/>\nBomba Vertical tipo Turbina<br \/>\nMenor custo com casa de bombas sem<br \/>\nnecessidade de escorva<br \/>\nAplica\u00e7\u00f5es:<br \/>\nSaneamento, capta\u00e7\u00e3o, ind\u00fastria naval, nuclear, gera\u00e7\u00e3o de energia, qu\u00edmicas e petroqu\u00edmicas e refinarias.<\/p>\n","protected":false},"excerpt":{"rendered":"<p>Caracter\u00edsticas: Vaz\u00e3o at\u00e9: 5000 m3\/h Altura manom\u00e9trica at\u00e9: 900 m.c.a Temperatura at\u00e9: -200\u00baC \u00e0 300\u00baC Bomba Vertical tipo Turbina Menor custo com casa de bombas sem necessidade de escorva Aplica\u00e7\u00f5es: Saneamento, capta\u00e7\u00e3o, ind\u00fastria naval, nuclear, gera\u00e7\u00e3o de energia, qu\u00edmicas e petroqu\u00edmicas e refinarias.<\/p>\n","protected":false},"featured_media":1105,"comment_status":"open","ping_status":"closed","template":"","meta":[],"product_cat":[15,23],"product_tag":[24],"_links":{"self":[{"href":"https:\/\/bommotor.com.br\/web\/wp-json\/wp\/v2\/product\/990"}],"collection":[{"href":"https:\/\/bommotor.com.br\/web\/wp-json\/wp\/v2\/product"}],"about":[{"href":"https:\/\/bommotor.com.br\/web\/wp-json\/wp\/v2\/types\/product"}],"replies":[{"embeddable":true,"href":"https:\/\/bommotor.com.br\/web\/wp-json\/wp\/v2\/comments?post=990"}],"wp:featuredmedia":[{"embeddable":true,"href":"https:\/\/bommotor.com.br\/web\/wp-json\/wp\/v2\/media\/1105"}],"wp:attachment":[{"href":"https:\/\/bommotor.com.br\/web\/wp-json\/wp\/v2\/media?parent=990"}],"wp:term":[{"taxonomy":"product_cat","embeddable":true,"href":"https:\/\/bommotor.com.br\/web\/wp-json\/wp\/v2\/product_cat?post=990"},{"taxonomy":"product_tag","embeddable":true,"href":"https:\/\/bommotor.com.br\/web\/wp-json\/wp\/v2\/product_tag?post=990"}],"curies":[{"name":"wp","href":"https:\/\/api.w.org\/{rel}","templated":true}]}}