{"id":993,"date":"2023-10-02T08:21:37","date_gmt":"2023-10-02T11:21:37","guid":{"rendered":"https:\/\/bommotor.com.br\/web\/?post_type=product&#038;p=993"},"modified":"2023-10-17T23:28:42","modified_gmt":"2023-10-18T02:28:42","slug":"fluidos-corrosivos","status":"publish","type":"product","link":"https:\/\/bommotor.com.br\/web\/produto\/fluidos-corrosivos\/","title":{"rendered":"Flu\u00eddos Corrosivos"},"content":{"rendered":"<p>\u00c1GUAS SERVIDAS, SUJAS, LAMA, ESGOTO, EFLUENTES INDUSTRIAIS, FLU\u00cdDOS CORROSIVOS E AERADORES SUBMERS\u00cdVEIS<\/p>\n","protected":false},"excerpt":{"rendered":"<p>\u00c1GUAS SERVIDAS, SUJAS, LAMA, ESGOTO, EFLUENTES INDUSTRIAIS, FLU\u00cdDOS CORROSIVOS E AERADORES SUBMERS\u00cdVEIS<\/p>\n","protected":false},"featured_media":1135,"comment_status":"open","ping_status":"closed","template":"","meta":[],"product_cat":[15,25],"product_tag":[24,26],"_links":{"self":[{"href":"https:\/\/bommotor.com.br\/web\/wp-json\/wp\/v2\/product\/993"}],"collection":[{"href":"https:\/\/bommotor.com.br\/web\/wp-json\/wp\/v2\/product"}],"about":[{"href":"https:\/\/bommotor.com.br\/web\/wp-json\/wp\/v2\/types\/product"}],"replies":[{"embeddable":true,"href":"https:\/\/bommotor.com.br\/web\/wp-json\/wp\/v2\/comments?post=993"}],"wp:featuredmedia":[{"embeddable":true,"href":"https:\/\/bommotor.com.br\/web\/wp-json\/wp\/v2\/media\/1135"}],"wp:attachment":[{"href":"https:\/\/bommotor.com.br\/web\/wp-json\/wp\/v2\/media?parent=993"}],"wp:term":[{"taxonomy":"product_cat","embeddable":true,"href":"https:\/\/bommotor.com.br\/web\/wp-json\/wp\/v2\/product_cat?post=993"},{"taxonomy":"product_tag","embeddable":true,"href":"https:\/\/bommotor.com.br\/web\/wp-json\/wp\/v2\/product_tag?post=993"}],"curies":[{"name":"wp","href":"https:\/\/api.w.org\/{rel}","templated":true}]}}