{"id":994,"date":"2023-10-02T08:22:38","date_gmt":"2023-10-02T11:22:38","guid":{"rendered":"https:\/\/bommotor.com.br\/web\/?post_type=product&#038;p=994"},"modified":"2023-10-02T08:25:46","modified_gmt":"2023-10-02T11:25:46","slug":"lama","status":"publish","type":"product","link":"https:\/\/bommotor.com.br\/web\/produto\/lama\/","title":{"rendered":"Lama"},"content":{"rendered":"<p>\u00c1GUAS SERVIDAS, SUJAS, LAMA, ESGOTO, EFLUENTES INDUSTRIAIS, FLU\u00cdDOS CORROSIVOS E AERADORES SUBMERS\u00cdVEIS<\/p>\n","protected":false},"excerpt":{"rendered":"<p>\u00c1GUAS SERVIDAS, SUJAS, LAMA, ESGOTO, EFLUENTES INDUSTRIAIS, FLU\u00cdDOS CORROSIVOS E AERADORES SUBMERS\u00cdVEIS<\/p>\n","protected":false},"featured_media":995,"comment_status":"open","ping_status":"closed","template":"","meta":[],"product_cat":[15,25],"product_tag":[24,26],"_links":{"self":[{"href":"https:\/\/bommotor.com.br\/web\/wp-json\/wp\/v2\/product\/994"}],"collection":[{"href":"https:\/\/bommotor.com.br\/web\/wp-json\/wp\/v2\/product"}],"about":[{"href":"https:\/\/bommotor.com.br\/web\/wp-json\/wp\/v2\/types\/product"}],"replies":[{"embeddable":true,"href":"https:\/\/bommotor.com.br\/web\/wp-json\/wp\/v2\/comments?post=994"}],"wp:featuredmedia":[{"embeddable":true,"href":"https:\/\/bommotor.com.br\/web\/wp-json\/wp\/v2\/media\/995"}],"wp:attachment":[{"href":"https:\/\/bommotor.com.br\/web\/wp-json\/wp\/v2\/media?parent=994"}],"wp:term":[{"taxonomy":"product_cat","embeddable":true,"href":"https:\/\/bommotor.com.br\/web\/wp-json\/wp\/v2\/product_cat?post=994"},{"taxonomy":"product_tag","embeddable":true,"href":"https:\/\/bommotor.com.br\/web\/wp-json\/wp\/v2\/product_tag?post=994"}],"curies":[{"name":"wp","href":"https:\/\/api.w.org\/{rel}","templated":true}]}}