{"id":996,"date":"2023-10-02T08:26:05","date_gmt":"2023-10-02T11:26:05","guid":{"rendered":"https:\/\/bommotor.com.br\/web\/?post_type=product&#038;p=996"},"modified":"2023-10-17T23:27:49","modified_gmt":"2023-10-18T02:27:49","slug":"esgoto","status":"publish","type":"product","link":"https:\/\/bommotor.com.br\/web\/produto\/esgoto\/","title":{"rendered":"Esgoto"},"content":{"rendered":"<p>\u00c1GUAS SERVIDAS, SUJAS, LAMA, ESGOTO, EFLUENTES INDUSTRIAIS, FLU\u00cdDOS CORROSIVOS E AERADORES SUBMERS\u00cdVEIS<\/p>\n","protected":false},"excerpt":{"rendered":"<p>\u00c1GUAS SERVIDAS, SUJAS, LAMA, ESGOTO, EFLUENTES INDUSTRIAIS, FLU\u00cdDOS CORROSIVOS E AERADORES SUBMERS\u00cdVEIS<\/p>\n","protected":false},"featured_media":1134,"comment_status":"open","ping_status":"closed","template":"","meta":[],"product_cat":[15,25],"product_tag":[24,26],"_links":{"self":[{"href":"https:\/\/bommotor.com.br\/web\/wp-json\/wp\/v2\/product\/996"}],"collection":[{"href":"https:\/\/bommotor.com.br\/web\/wp-json\/wp\/v2\/product"}],"about":[{"href":"https:\/\/bommotor.com.br\/web\/wp-json\/wp\/v2\/types\/product"}],"replies":[{"embeddable":true,"href":"https:\/\/bommotor.com.br\/web\/wp-json\/wp\/v2\/comments?post=996"}],"wp:featuredmedia":[{"embeddable":true,"href":"https:\/\/bommotor.com.br\/web\/wp-json\/wp\/v2\/media\/1134"}],"wp:attachment":[{"href":"https:\/\/bommotor.com.br\/web\/wp-json\/wp\/v2\/media?parent=996"}],"wp:term":[{"taxonomy":"product_cat","embeddable":true,"href":"https:\/\/bommotor.com.br\/web\/wp-json\/wp\/v2\/product_cat?post=996"},{"taxonomy":"product_tag","embeddable":true,"href":"https:\/\/bommotor.com.br\/web\/wp-json\/wp\/v2\/product_tag?post=996"}],"curies":[{"name":"wp","href":"https:\/\/api.w.org\/{rel}","templated":true}]}}