{"id":998,"date":"2023-10-02T08:27:38","date_gmt":"2023-10-02T11:27:38","guid":{"rendered":"https:\/\/bommotor.com.br\/web\/?post_type=product&#038;p=998"},"modified":"2023-10-02T08:28:48","modified_gmt":"2023-10-02T11:28:48","slug":"aerador","status":"publish","type":"product","link":"https:\/\/bommotor.com.br\/web\/produto\/aerador\/","title":{"rendered":"Aerador"},"content":{"rendered":"<p>\u00c1GUAS SERVIDAS, SUJAS, LAMA, ESGOTO, EFLUENTES INDUSTRIAIS, FLU\u00cdDOS CORROSIVOS E AERADORES SUBMERS\u00cdVEIS<\/p>\n","protected":false},"excerpt":{"rendered":"<p>\u00c1GUAS SERVIDAS, SUJAS, LAMA, ESGOTO, EFLUENTES INDUSTRIAIS, FLU\u00cdDOS CORROSIVOS E AERADORES SUBMERS\u00cdVEIS<\/p>\n","protected":false},"featured_media":999,"comment_status":"open","ping_status":"closed","template":"","meta":[],"product_cat":[15,25],"product_tag":[26],"_links":{"self":[{"href":"https:\/\/bommotor.com.br\/web\/wp-json\/wp\/v2\/product\/998"}],"collection":[{"href":"https:\/\/bommotor.com.br\/web\/wp-json\/wp\/v2\/product"}],"about":[{"href":"https:\/\/bommotor.com.br\/web\/wp-json\/wp\/v2\/types\/product"}],"replies":[{"embeddable":true,"href":"https:\/\/bommotor.com.br\/web\/wp-json\/wp\/v2\/comments?post=998"}],"wp:featuredmedia":[{"embeddable":true,"href":"https:\/\/bommotor.com.br\/web\/wp-json\/wp\/v2\/media\/999"}],"wp:attachment":[{"href":"https:\/\/bommotor.com.br\/web\/wp-json\/wp\/v2\/media?parent=998"}],"wp:term":[{"taxonomy":"product_cat","embeddable":true,"href":"https:\/\/bommotor.com.br\/web\/wp-json\/wp\/v2\/product_cat?post=998"},{"taxonomy":"product_tag","embeddable":true,"href":"https:\/\/bommotor.com.br\/web\/wp-json\/wp\/v2\/product_tag?post=998"}],"curies":[{"name":"wp","href":"https:\/\/api.w.org\/{rel}","templated":true}]}}